{"id":786,"date":"2018-08-29T22:11:49","date_gmt":"2018-08-30T01:11:49","guid":{"rendered":"https:\/\/isfd69-bue.infd.edu.ar\/sitio\/biblioteca\/"},"modified":"2023-06-06T17:56:08","modified_gmt":"2023-06-06T20:56:08","slug":"biblioteca","status":"publish","type":"page","link":"https:\/\/isfd69-bue.infd.edu.ar\/sitio\/biblioteca\/","title":{"rendered":"Biblioteca"},"content":{"rendered":"<h3>\u00a0<\/h3>\n<p><img decoding=\"async\" loading=\"lazy\" class=\"wp-image-1394 aligncenter\" src=\"https:\/\/isfd69-bue.infd.edu.ar\/sitio\/wp-content\/uploads\/2023\/06\/Sin-titulo-2-1000x231.png\" alt=\"\" width=\"1087\" height=\"251\" srcset=\"https:\/\/isfd69-bue.infd.edu.ar\/sitio\/wp-content\/uploads\/2023\/06\/Sin-titulo-2-1000x231.png 1000w, https:\/\/isfd69-bue.infd.edu.ar\/sitio\/wp-content\/uploads\/2023\/06\/Sin-titulo-2-768x177.png 768w, https:\/\/isfd69-bue.infd.edu.ar\/sitio\/wp-content\/uploads\/2023\/06\/Sin-titulo-2.png 1274w\" sizes=\"(max-width: 1087px) 100vw, 1087px\" \/><\/p>\n<h3>\u00a0<\/h3>\n<h3><span style=\"color: #3366ff;\">\u00a0<strong><u>Identidad<\/u><\/strong>:<\/span><\/h3>\n<h5>La biblioteca del I.S.F.D. N\u00b0 69 \u00abMarcos Sastre\u00bb debe su nombre a este ilustre pedagogo, escritor, pintor,\u00a0 poeta y periodista. Dicho nombre fue elegido en el a\u00f1o 2005 por toda la comunidad educativa de la Instituci\u00f3n mediante votaci\u00f3n.<\/h5>\n<h3>\u00a0<\/h3>\n<h3><span style=\"color: #3366ff;\"><strong><u>Fondo bibliogr\u00e1fico<\/u><\/strong>:<\/span><\/h3>\n<h5>Nuestra biblioteca cuenta en la actualidad con un fondo bibliogr\u00e1fico de 4.161 vol\u00famenes , aproximadamente.<\/h5>\n<h5>Durante el ciclo lectivo 2008 el Instituto present\u00f3 un proyecto de mejora, gracias al cual se pudo actualizar el material pedag\u00f3gico y did\u00e1ctico para las carreras que se est\u00e1n dictando en la actualidad:<\/h5>\n<h5>*Profesorado de Educaci\u00f3n Inicial<\/h5>\n<h5>*Profesorado de Educaci\u00f3n Primaria<\/h5>\n<h5>Hemos recibido en el presente ciclo lectivo material proveniente de Ministerio de Educaci\u00f3n. Todo este material es literatura cl\u00e1sica, moderna y contempor\u00e1nea.<\/h5>\n<h5>Nuestro Instituto recibe matr\u00edcula de distintos pueblos del Distrito (Villarino) y del Distrito de Patagones. Como la mayor\u00eda de las veces contamos con un ejemplar de cada uno de los libros que solicitan\u00a0 los profesores, los alumnos se llevan, por localidad, en pr\u00e9stamo el material por 3 (tres) d\u00edas y de esta manera todos los alumnos puedan acceder al mismo.<\/h5>\n<h5>\u00a0<\/h5>\n<h3><span style=\"color: #3366ff;\"><strong><u>Servicios:<\/u><\/strong><\/span><\/h3>\n<h5>En a\u00f1os anteriores nuestra Biblioteca organiz\u00f3 diversos talleres, como por ejemplo \u00abLiteratura creativa\u00bb, \u00abPrimeros auxilios\u00bb,\u00a0 \u00abEstimulaci\u00f3n temprana\u00bb y una charla-taller con un prestigioso historiador. Dichos talleres fueron libres y gratuitos, abiertos a todos los alumnos de la Instituci\u00f3n como as\u00ed tambi\u00e9n para todos los docentes interesados.<\/h5>\n<h3>\u00a0<\/h3>\n<h3><span style=\"color: #3366ff;\"><strong><u>Nuestra biblioteca se est\u00e1 informatizando!<\/u><\/strong><\/span><\/h3>\n<h5>Desde el mes de mayo de 2009 contamos con una computadora para la biblioteca y en ella se ha instalado el software Aguapey. Adem\u00e1s se cuenta con una notebook con Wi Fi para uso de los alumnos e impresora al servicio de los mismos.<\/h5>\n<p><img decoding=\"async\" loading=\"lazy\" class=\"size-medium wp-image-1386 aligncenter\" src=\"https:\/\/isfd69-bue.infd.edu.ar\/sitio\/wp-content\/uploads\/2023\/06\/IMG-20230531-WA0052-1000x750.jpg\" alt=\"\" width=\"1000\" height=\"750\" srcset=\"https:\/\/isfd69-bue.infd.edu.ar\/sitio\/wp-content\/uploads\/2023\/06\/IMG-20230531-WA0052-1000x750.jpg 1000w, https:\/\/isfd69-bue.infd.edu.ar\/sitio\/wp-content\/uploads\/2023\/06\/IMG-20230531-WA0052-768x576.jpg 768w, https:\/\/isfd69-bue.infd.edu.ar\/sitio\/wp-content\/uploads\/2023\/06\/IMG-20230531-WA0052-1536x1152.jpg 1536w, https:\/\/isfd69-bue.infd.edu.ar\/sitio\/wp-content\/uploads\/2023\/06\/IMG-20230531-WA0052.jpg 1600w\" sizes=\"(max-width: 1000px) 100vw, 1000px\" \/><\/p>\n<p style=\"text-align: center;\"><img decoding=\"async\" loading=\"lazy\" class=\"alignnone size-medium wp-image-1388\" src=\"https:\/\/isfd69-bue.infd.edu.ar\/sitio\/wp-content\/uploads\/2023\/06\/IMG-20230531-WA0054-1000x563.jpg\" alt=\"\" width=\"1000\" height=\"563\" srcset=\"https:\/\/isfd69-bue.infd.edu.ar\/sitio\/wp-content\/uploads\/2023\/06\/IMG-20230531-WA0054-1000x563.jpg 1000w, https:\/\/isfd69-bue.infd.edu.ar\/sitio\/wp-content\/uploads\/2023\/06\/IMG-20230531-WA0054-768x432.jpg 768w, https:\/\/isfd69-bue.infd.edu.ar\/sitio\/wp-content\/uploads\/2023\/06\/IMG-20230531-WA0054.jpg 1280w\" sizes=\"(max-width: 1000px) 100vw, 1000px\" \/> <img decoding=\"async\" loading=\"lazy\" class=\"alignnone size-medium wp-image-1387\" src=\"https:\/\/isfd69-bue.infd.edu.ar\/sitio\/wp-content\/uploads\/2023\/06\/IMG-20230531-WA0053-750x1000.jpg\" alt=\"\" width=\"750\" height=\"1000\" srcset=\"https:\/\/isfd69-bue.infd.edu.ar\/sitio\/wp-content\/uploads\/2023\/06\/IMG-20230531-WA0053-750x1000.jpg 750w, https:\/\/isfd69-bue.infd.edu.ar\/sitio\/wp-content\/uploads\/2023\/06\/IMG-20230531-WA0053-768x1024.jpg 768w, https:\/\/isfd69-bue.infd.edu.ar\/sitio\/wp-content\/uploads\/2023\/06\/IMG-20230531-WA0053-1152x1536.jpg 1152w, https:\/\/isfd69-bue.infd.edu.ar\/sitio\/wp-content\/uploads\/2023\/06\/IMG-20230531-WA0053.jpg 1200w\" sizes=\"(max-width: 750px) 100vw, 750px\" \/> <img decoding=\"async\" loading=\"lazy\" class=\"alignnone size-medium wp-image-1385\" src=\"https:\/\/isfd69-bue.infd.edu.ar\/sitio\/wp-content\/uploads\/2023\/06\/IMG-20230531-WA0051-750x1000.jpg\" alt=\"\" width=\"750\" height=\"1000\" srcset=\"https:\/\/isfd69-bue.infd.edu.ar\/sitio\/wp-content\/uploads\/2023\/06\/IMG-20230531-WA0051-750x1000.jpg 750w, https:\/\/isfd69-bue.infd.edu.ar\/sitio\/wp-content\/uploads\/2023\/06\/IMG-20230531-WA0051-768x1024.jpg 768w, https:\/\/isfd69-bue.infd.edu.ar\/sitio\/wp-content\/uploads\/2023\/06\/IMG-20230531-WA0051-1152x1536.jpg 1152w, https:\/\/isfd69-bue.infd.edu.ar\/sitio\/wp-content\/uploads\/2023\/06\/IMG-20230531-WA0051.jpg 1200w\" sizes=\"(max-width: 750px) 100vw, 750px\" \/> <img decoding=\"async\" loading=\"lazy\" class=\"size-medium wp-image-1384 alignnone\" src=\"https:\/\/isfd69-bue.infd.edu.ar\/sitio\/wp-content\/uploads\/2023\/06\/IMG-20230531-WA0050-750x1000.jpg\" alt=\"\" width=\"750\" height=\"1000\" srcset=\"https:\/\/isfd69-bue.infd.edu.ar\/sitio\/wp-content\/uploads\/2023\/06\/IMG-20230531-WA0050-750x1000.jpg 750w, https:\/\/isfd69-bue.infd.edu.ar\/sitio\/wp-content\/uploads\/2023\/06\/IMG-20230531-WA0050-768x1024.jpg 768w, https:\/\/isfd69-bue.infd.edu.ar\/sitio\/wp-content\/uploads\/2023\/06\/IMG-20230531-WA0050-1152x1536.jpg 1152w, https:\/\/isfd69-bue.infd.edu.ar\/sitio\/wp-content\/uploads\/2023\/06\/IMG-20230531-WA0050.jpg 1200w\" sizes=\"(max-width: 750px) 100vw, 750px\" \/><\/p>\n","protected":false},"excerpt":{"rendered":"<p>\u00a0 \u00a0 \u00a0Identidad: La biblioteca del I.S.F.D. N\u00b0 69 \u00abMarcos Sastre\u00bb debe su nombre a este ilustre pedagogo, escritor, pintor,\u00a0 poeta y periodista. Dicho nombre fue elegido en el a\u00f1o 2005 por toda la comunidad educativa de la Instituci\u00f3n mediante votaci\u00f3n. \u00a0 Fondo bibliogr\u00e1fico: Nuestra biblioteca cuenta en la actualidad con un fondo bibliogr\u00e1fico de &#8230; <a title=\"Biblioteca\" class=\"read-more\" href=\"https:\/\/isfd69-bue.infd.edu.ar\/sitio\/biblioteca\/\" aria-label=\"More on Biblioteca\">[+]<\/a><\/p>\n","protected":false},"author":94,"featured_media":0,"parent":0,"menu_order":0,"comment_status":"closed","ping_status":"closed","template":"","meta":[],"acf":[],"_links":{"self":[{"href":"https:\/\/isfd69-bue.infd.edu.ar\/sitio\/wp-json\/wp\/v2\/pages\/786"}],"collection":[{"href":"https:\/\/isfd69-bue.infd.edu.ar\/sitio\/wp-json\/wp\/v2\/pages"}],"about":[{"href":"https:\/\/isfd69-bue.infd.edu.ar\/sitio\/wp-json\/wp\/v2\/types\/page"}],"author":[{"embeddable":true,"href":"https:\/\/isfd69-bue.infd.edu.ar\/sitio\/wp-json\/wp\/v2\/users\/94"}],"replies":[{"embeddable":true,"href":"https:\/\/isfd69-bue.infd.edu.ar\/sitio\/wp-json\/wp\/v2\/comments?post=786"}],"version-history":[{"count":8,"href":"https:\/\/isfd69-bue.infd.edu.ar\/sitio\/wp-json\/wp\/v2\/pages\/786\/revisions"}],"predecessor-version":[{"id":1396,"href":"https:\/\/isfd69-bue.infd.edu.ar\/sitio\/wp-json\/wp\/v2\/pages\/786\/revisions\/1396"}],"wp:attachment":[{"href":"https:\/\/isfd69-bue.infd.edu.ar\/sitio\/wp-json\/wp\/v2\/media?parent=786"}],"curies":[{"name":"wp","href":"https:\/\/api.w.org\/{rel}","templated":true}]}}