{"id":784,"date":"2018-08-29T22:11:48","date_gmt":"2018-08-30T01:11:48","guid":{"rendered":"https:\/\/isfd69-bue.infd.edu.ar\/sitio\/villarino-y-patagones\/"},"modified":"2023-06-06T18:03:23","modified_gmt":"2023-06-06T21:03:23","slug":"villarino-y-patagones","status":"publish","type":"page","link":"https:\/\/isfd69-bue.infd.edu.ar\/sitio\/villarino-y-patagones\/","title":{"rendered":"Villarino y Patagones"},"content":{"rendered":"<p><strong><em>Partido de Villarino<\/em><\/strong><\/p>\n<p>El Partido de <span style=\"color: #000000;\">Villarino<\/span> se encuentra en el sudoeste de la Provincia\u00a0 de Buenos Aires, con cabecera partido en la ciudad de M\u00e9danos.<\/p>\n<p>Limita al Este con el Oc\u00e9ano Atl\u00e1ntico, al Oeste con la Provincia de\u00a0 La Pampa, al Sur con el Partido de Patagones y al Norte con los\u00a0\u00a0 Partidos de Bah\u00eda Blanca y Pu\u00e1n.<\/p>\n<p>La superficie del Partido de Villarino es de 944.783 ha, de las\u00a0 cuales unas 583.968 ha. corresponden a la zona semi\u00e1rida del partido\u00a0 (\u00e1rea de secano) y el resto se encuentra dentro del \u00c1rea de Riego del Valle inferior del R\u00edo Colorado (\u00e1rea de riego).<\/p>\n<p>En el \u00e1rea de secano del Partido de Villarino encontramos dos\u00a0\u00a0 centros urbanos de importancia que son: la localidad de M\u00e9danos y la\u00a0\u00a0 de Algarrobo. En estas dos poblaciones reside el 30% de los\u00a0\u00a0 productores agr\u00edcolas &#8211; ganaderos. Otros tienen su lugar de\u00a0 residencia en Bah\u00eda Blanca y el resto reside en sus propias chacras,\u00a0 la mayor\u00eda ubicadas en las cercan\u00edas de la localidad de M\u00e9danos.<\/p>\n<p>En el \u00e1rea de riego se destacan las localidades de Pedro Luro, Mayor Buratovich e Hilario Ascasubi. La poblaci\u00f3n total del partido es de\u00a0\u00a0 24.515 habitantes con una densidad poblacional de 2,18 habitantes\/km2 y con un porcentaje de ruralidad de 48,3 %.<\/p>\n<p><strong><em>Partido de Patagones<\/em><\/strong><\/p>\n<p>El Partido de Patagones se encuentra ubicado en el extremo sur de la\u00a0 Provincia de Buenos Aires, con cabecera de partido en la ciudad de\u00a0\u00a0 Carmen de Patagones. Limita al Este con el Oc\u00e9ano Atl\u00e1ntico, al\u00a0\u00a0\u00a0\u00a0 Oeste con el Meridiano V que lo separa de la Provincia de R\u00edo Negro,\u00a0 al Norte con el R\u00edo Colorado y al Sur con el R\u00edo Negro que lo separa\u00a0 de la Provincia de R\u00edo Negro.<\/p>\n<p>La superficie del Partido de Patagones es de 1.356.971 hect\u00e1reas.\u00a0 Posee m\u00e1s del 76 % de \u00e1rea ocupada por la ganader\u00eda, la cual se\u00a0\u00a0 encuentra ubicada mayoritariamente en el monte natural xer\u00f3filo que\u00a0 abarca unas 700.000 ha.<\/p>\n<p>La cabecera del Partido esta ubicada a 960 km de Buenos Aires, 271\u00a0 km de la ciudad de Bah\u00eda Blanca, 7 km de la ciudad de Viedma\u00a0\u00a0\u00a0 (Capital de la Provincia de R\u00edo Negro) y a 170 km de Hilario\u00a0\u00a0 Ascasubi, asiento de la E.E.A. La ciudad est\u00e1 comunicada con Bah\u00eda\u00a0 \u00a0 Blanca y dem\u00e1s ciudades del norte de Buenos Aires por la ruta\u00a0 Nacional N\u00ba 3 y por la misma ruta hacia el sur con la Patagonia. Con\u00a0\u00a0 el Alto Valle de la provincia de R\u00edo Negro por medio de la ruta\u00a0\u00a0 provincial N\u00ba 250, hasta la ciudad de Choele Choel donde empalma con\u00a0\u00a0\u00a0\u00a0 la ruta N\u00ba 22 (que une Bah\u00eda Blanca, Zapala, en la provincia de\u00a0\u00a0 Neuqu\u00e9n). La ruta N\u00ba 248 (\u00fanica consolidada) la une con Guardia\u00a0 Mitre y Boca de la Traves\u00eda.<\/p>\n<p>Los asentamientos urbanos m\u00e1s relevantes del Partido los componen\u00a0\u00a0\u00a0 las localidades de Carmen de Patagones y Stroeder en el \u00e1rea de\u00a0\u00a0\u00a0\u00a0 secano, y en la zona bajo riego Villalonga y Juan A. Pradere. La\u00a0\u00a0 poblaci\u00f3n total del partido es de 27.785 personas. La densidad\u00a0\u00a0 poblacional para el partido es de 2,0 habitantes\/ km2. El porcentaje\u00a0\u00a0\u00a0 de poblaci\u00f3n urbana es de 81,3 %.<\/p>\n<p><strong>\u00a0\u00a0\u00a0\u00a0\u00a0\u00a0\u00a0\u00a0\u00a0\u00a0\u00a0 Contribuci\u00f3n al PBI agropecuario nacional<\/strong><\/p>\n<p>El PB agropecuario de la regi\u00f3n es del orden de los 150 millones de\u00a0\u00a0 pesos\/a\u00f1o de los cuales el 81% es agr\u00edcola y el resto PB ganadero.\u00a0\u00a0 El mayor aportante es la zona bajo riego y el cultivo de mayor\u00a0\u00a0 contribuci\u00f3n es la cebolla, a pesar de los altibajos de precios en\u00a0 \u00a0el mercado internacional y el Mercosur.<\/p>\n<p><strong>Importancia de las principales actividades respecto a la producci\u00f3n nacional y regional.<\/strong><\/p>\n<p>La regi\u00f3n es la principal productora de cebolla del pa\u00eds alcanzando\u00a0\u00a0 el 50% de la producci\u00f3n nacional y casi el 100% de la exportaci\u00f3n .<\/p>\n<p>Tambi\u00e9n en la regi\u00f3n se produce el 50% de la semilla de alfalfa\u00a0 nacional , alcanzando 1.000.000 a 1.500.000 kg\/a\u00f1o ,aunque a\u00fan se\u00a0\u00a0 est\u00e1 lejos de cubrir las necesidades nacionales.\u00a0 Principales zonas agroecon\u00f3micas y sistemas de producci\u00f3n predominantes<\/p>\n<p>Tal como se ha descripto, existen tres sub\u00e1reas: secano Villarino, \u00e1rea bajo riego, secano Patagones.<\/p>\n<p>Los sistemas predominantes son: en la primera y \u00faltima los sistemas agr\u00edcolo-ganaderos con una rotaci\u00f3n trigo- pastoreo del rastrojo\u00a0\u00a0 -trigo con algunas pasturas y en la segunda bajo riego un sistema hortipecuario con rotaci\u00f3n pasturas y horticultura o campo natural &#8211; horticultura, principalmente cebolla.<\/p>\n<p><img decoding=\"async\" loading=\"lazy\" title=\"Distritos de Villarino y Patagones\" src=\"https:\/\/isfd69-bue.infd.edu.ar\/sitio\/wp-content\/uploads\/2018\/08\/VILLARINO.gif\" alt=\"Distritos de Villarino y Patagones\" width=\"85\" height=\"158\" border=\"0\" \/><img decoding=\"async\" loading=\"lazy\" title=\"Provincia de Buenos Aires\" src=\"https:\/\/isfd69-bue.infd.edu.ar\/sitio\/wp-content\/uploads\/2018\/08\/BUENOS_AIRES.jpg\" alt=\"Provincia de Buenos Aires\" width=\"165\" height=\"201\" border=\"0\" \/><\/p>\n","protected":false},"excerpt":{"rendered":"<p>Partido de Villarino El Partido de Villarino se encuentra en el sudoeste de la Provincia\u00a0 de Buenos Aires, con cabecera partido en la ciudad de M\u00e9danos. Limita al Este con el Oc\u00e9ano Atl\u00e1ntico, al Oeste con la Provincia de\u00a0 La Pampa, al Sur con el Partido de Patagones y al Norte con los\u00a0\u00a0 Partidos de &#8230; <a title=\"Villarino y Patagones\" class=\"read-more\" href=\"https:\/\/isfd69-bue.infd.edu.ar\/sitio\/villarino-y-patagones\/\" aria-label=\"More on Villarino y Patagones\">[+]<\/a><\/p>\n","protected":false},"author":94,"featured_media":0,"parent":0,"menu_order":0,"comment_status":"closed","ping_status":"closed","template":"","meta":[],"acf":[],"_links":{"self":[{"href":"https:\/\/isfd69-bue.infd.edu.ar\/sitio\/wp-json\/wp\/v2\/pages\/784"}],"collection":[{"href":"https:\/\/isfd69-bue.infd.edu.ar\/sitio\/wp-json\/wp\/v2\/pages"}],"about":[{"href":"https:\/\/isfd69-bue.infd.edu.ar\/sitio\/wp-json\/wp\/v2\/types\/page"}],"author":[{"embeddable":true,"href":"https:\/\/isfd69-bue.infd.edu.ar\/sitio\/wp-json\/wp\/v2\/users\/94"}],"replies":[{"embeddable":true,"href":"https:\/\/isfd69-bue.infd.edu.ar\/sitio\/wp-json\/wp\/v2\/comments?post=784"}],"version-history":[{"count":3,"href":"https:\/\/isfd69-bue.infd.edu.ar\/sitio\/wp-json\/wp\/v2\/pages\/784\/revisions"}],"predecessor-version":[{"id":1400,"href":"https:\/\/isfd69-bue.infd.edu.ar\/sitio\/wp-json\/wp\/v2\/pages\/784\/revisions\/1400"}],"wp:attachment":[{"href":"https:\/\/isfd69-bue.infd.edu.ar\/sitio\/wp-json\/wp\/v2\/media?parent=784"}],"curies":[{"name":"wp","href":"https:\/\/api.w.org\/{rel}","templated":true}]}}