{"id":1416,"date":"2023-06-07T17:55:26","date_gmt":"2023-06-07T20:55:26","guid":{"rendered":"https:\/\/isfd69-bue.infd.edu.ar\/sitio\/?page_id=1416"},"modified":"2024-06-25T17:14:04","modified_gmt":"2024-06-25T20:14:04","slug":"reclamos","status":"publish","type":"page","link":"https:\/\/isfd69-bue.infd.edu.ar\/sitio\/reclamos\/","title":{"rendered":"RECLAMOS"},"content":{"rendered":"<p>Compartimos con ustedes la siguiente informaci\u00f3n.<\/p>\n<h3>A trav\u00e9s del presente correo se informa que se encuentra habilitada la opci\u00f3n de<b>\u00a0<span style=\"color: #ff0000;\">\u00abReclamo Acad\u00e9mico\u00bb<\/span><\/b><span style=\"color: #ff0000;\">\u00a0<\/span>para aquellos postulantes que no hayan sido adjudicados en la Beca Progresar por motivos acad\u00e9micos para la l\u00ednea Nivel Superior. La misma estar\u00e1 disponible <b>hasta el d\u00eda <span style=\"color: #ff0000;\">8 de julio<\/span><\/b><span style=\"color: #ff0000;\">\u00a0a trav\u00e9s de la plataforma Progresar.<\/span><\/h3>\n","protected":false},"excerpt":{"rendered":"<p>Compartimos con ustedes la siguiente informaci\u00f3n. A trav\u00e9s del presente correo se informa que se encuentra habilitada la opci\u00f3n de\u00a0\u00abReclamo Acad\u00e9mico\u00bb\u00a0para aquellos postulantes que no hayan sido adjudicados en la Beca Progresar por motivos acad\u00e9micos para la l\u00ednea Nivel Superior. La misma estar\u00e1 disponible hasta el d\u00eda 8 de julio\u00a0a trav\u00e9s de la plataforma Progresar.<\/p>\n","protected":false},"author":94,"featured_media":0,"parent":0,"menu_order":0,"comment_status":"closed","ping_status":"closed","template":"","meta":[],"acf":[],"_links":{"self":[{"href":"https:\/\/isfd69-bue.infd.edu.ar\/sitio\/wp-json\/wp\/v2\/pages\/1416"}],"collection":[{"href":"https:\/\/isfd69-bue.infd.edu.ar\/sitio\/wp-json\/wp\/v2\/pages"}],"about":[{"href":"https:\/\/isfd69-bue.infd.edu.ar\/sitio\/wp-json\/wp\/v2\/types\/page"}],"author":[{"embeddable":true,"href":"https:\/\/isfd69-bue.infd.edu.ar\/sitio\/wp-json\/wp\/v2\/users\/94"}],"replies":[{"embeddable":true,"href":"https:\/\/isfd69-bue.infd.edu.ar\/sitio\/wp-json\/wp\/v2\/comments?post=1416"}],"version-history":[{"count":4,"href":"https:\/\/isfd69-bue.infd.edu.ar\/sitio\/wp-json\/wp\/v2\/pages\/1416\/revisions"}],"predecessor-version":[{"id":1580,"href":"https:\/\/isfd69-bue.infd.edu.ar\/sitio\/wp-json\/wp\/v2\/pages\/1416\/revisions\/1580"}],"wp:attachment":[{"href":"https:\/\/isfd69-bue.infd.edu.ar\/sitio\/wp-json\/wp\/v2\/media?parent=1416"}],"curies":[{"name":"wp","href":"https:\/\/api.w.org\/{rel}","templated":true}]}}