{"id":1406,"date":"2023-06-07T17:22:52","date_gmt":"2023-06-07T20:22:52","guid":{"rendered":"https:\/\/isfd69-bue.infd.edu.ar\/sitio\/?page_id=1406"},"modified":"2023-06-07T17:57:57","modified_gmt":"2023-06-07T20:57:57","slug":"progresar-nivel-superior","status":"publish","type":"page","link":"https:\/\/isfd69-bue.infd.edu.ar\/sitio\/progresar-nivel-superior\/","title":{"rendered":"PROGRESAR NIVEL SUPERIOR"},"content":{"rendered":"<p><strong>REQUISITOS<\/strong><\/p>\n<p><img decoding=\"async\" loading=\"lazy\" src=\"https:\/\/static.xx.fbcdn.net\/images\/emoji.php\/v9\/t9e\/1\/16\/27a1.png\" alt=\"&#x27a1;&#xfe0f;\" width=\"16\" height=\"16\" \/>Ser argentina\/o nativa\/o; naturalizada\/o o extranjera\/o, con residencia legal de cinco (5) a\u00f1os en el pa\u00eds y contar con DNI.<br \/><img decoding=\"async\" loading=\"lazy\" src=\"https:\/\/static.xx.fbcdn.net\/images\/emoji.php\/v9\/t9e\/1\/16\/27a1.png\" alt=\"&#x27a1;&#xfe0f;\" width=\"16\" height=\"16\" \/>Ser estudiante regular de un ISFD o ISFDyT<br \/><img decoding=\"async\" loading=\"lazy\" src=\"https:\/\/static.xx.fbcdn.net\/images\/emoji.php\/v9\/t9e\/1\/16\/27a1.png\" alt=\"&#x27a1;&#xfe0f;\" width=\"16\" height=\"16\" \/>Tener entre 17 y 24 a\u00f1os de edad cumplidos.<br \/><img decoding=\"async\" loading=\"lazy\" src=\"https:\/\/static.xx.fbcdn.net\/images\/emoji.php\/v9\/t9e\/1\/16\/27a1.png\" alt=\"&#x27a1;&#xfe0f;\" width=\"16\" height=\"16\" \/>Estudiantes avanzadas\/os en la carrera, hasta treinta (30) a\u00f1os cumplidos.<br \/><img decoding=\"async\" loading=\"lazy\" src=\"https:\/\/static.xx.fbcdn.net\/images\/emoji.php\/v9\/t9e\/1\/16\/27a1.png\" alt=\"&#x27a1;&#xfe0f;\" width=\"16\" height=\"16\" \/>Se extiende hasta 35 a\u00f1os de edad a las personas con hijas\/os a cargo menores de 18 a\u00f1os pertenecientes a hogares monoparentales.<br \/><img decoding=\"async\" loading=\"lazy\" src=\"https:\/\/static.xx.fbcdn.net\/images\/emoji.php\/v9\/t9e\/1\/16\/27a1.png\" alt=\"&#x27a1;&#xfe0f;\" width=\"16\" height=\"16\" \/>Sin l\u00edmite de edad para personas trans, de pueblos ind\u00edgenas, con discapacidad o refugiadas.<br \/><img decoding=\"async\" loading=\"lazy\" src=\"https:\/\/static.xx.fbcdn.net\/images\/emoji.php\/v9\/t9e\/1\/16\/27a1.png\" alt=\"&#x27a1;&#xfe0f;\" width=\"16\" height=\"16\" \/>Los ingresos de la\/el joven y los de su grupo familiar no deber\u00e1n ser superiores a tres (3) Salarios M\u00ednimos, Vitales y M\u00f3viles (SMVM).<\/p>\n<p><strong>IMPORTANTE: CUMPLIR CON LOS REQUISITOS<\/strong><\/p>\n<p><img decoding=\"async\" loading=\"lazy\" class=\"wp-image-1408 aligncenter\" src=\"https:\/\/isfd69-bue.infd.edu.ar\/sitio\/wp-content\/uploads\/2023\/06\/progresar-3-768x777-1.jpg\" alt=\"\" width=\"448\" height=\"453\" \/><\/p>\n<p>&nbsp;<\/p>\n<p><a href=\"https:\/\/youtu.be\/_8bDWQdMa0Q\">C\u00f3mo inscribirte en Progresar Nivel Superior<\/a><\/p>\n<h5><strong>Para m\u00e1s informaci\u00f3n:\u00a0<a href=\"https:\/\/www.argentina.gob.ar\/educacion\/progresar\/requisitos\/progresar-nivel-superior\">https:\/\/www.argentina.gob.ar\/educacion\/progresar\/requisitos\/progresar-nivel-superior<\/a><\/strong><\/h5>\n<h5 dir=\"auto\"><strong>Progresar permite brindar acompa\u00f1amiento en la terminaci\u00f3n de estudios o la formaci\u00f3n profesional.<\/strong><\/h5>\n<h5 dir=\"auto\"><strong>M\u00e1s oportunidades, mejor futuro para todas y todos.<\/strong><\/h5>\n","protected":false},"excerpt":{"rendered":"<p>REQUISITOS Ser argentina\/o nativa\/o; naturalizada\/o o extranjera\/o, con residencia legal de cinco (5) a\u00f1os en el pa\u00eds y contar con DNI.Ser estudiante regular de un ISFD o ISFDyTTener entre 17 y 24 a\u00f1os de edad cumplidos.Estudiantes avanzadas\/os en la carrera, hasta treinta (30) a\u00f1os cumplidos.Se extiende hasta 35 a\u00f1os de edad a las personas con &#8230; <a title=\"PROGRESAR NIVEL SUPERIOR\" class=\"read-more\" href=\"https:\/\/isfd69-bue.infd.edu.ar\/sitio\/progresar-nivel-superior\/\" aria-label=\"More on PROGRESAR NIVEL SUPERIOR\">[+]<\/a><\/p>\n","protected":false},"author":94,"featured_media":0,"parent":0,"menu_order":0,"comment_status":"closed","ping_status":"closed","template":"","meta":[],"acf":[],"_links":{"self":[{"href":"https:\/\/isfd69-bue.infd.edu.ar\/sitio\/wp-json\/wp\/v2\/pages\/1406"}],"collection":[{"href":"https:\/\/isfd69-bue.infd.edu.ar\/sitio\/wp-json\/wp\/v2\/pages"}],"about":[{"href":"https:\/\/isfd69-bue.infd.edu.ar\/sitio\/wp-json\/wp\/v2\/types\/page"}],"author":[{"embeddable":true,"href":"https:\/\/isfd69-bue.infd.edu.ar\/sitio\/wp-json\/wp\/v2\/users\/94"}],"replies":[{"embeddable":true,"href":"https:\/\/isfd69-bue.infd.edu.ar\/sitio\/wp-json\/wp\/v2\/comments?post=1406"}],"version-history":[{"count":8,"href":"https:\/\/isfd69-bue.infd.edu.ar\/sitio\/wp-json\/wp\/v2\/pages\/1406\/revisions"}],"predecessor-version":[{"id":1420,"href":"https:\/\/isfd69-bue.infd.edu.ar\/sitio\/wp-json\/wp\/v2\/pages\/1406\/revisions\/1420"}],"wp:attachment":[{"href":"https:\/\/isfd69-bue.infd.edu.ar\/sitio\/wp-json\/wp\/v2\/media?parent=1406"}],"curies":[{"name":"wp","href":"https:\/\/api.w.org\/{rel}","templated":true}]}}