{"id":1031,"date":"2023-06-05T17:48:48","date_gmt":"2023-06-05T20:48:48","guid":{"rendered":"https:\/\/isfd69-bue.infd.edu.ar\/sitio\/?page_id=1031"},"modified":"2024-09-16T17:31:33","modified_gmt":"2024-09-16T20:31:33","slug":"imagenes","status":"publish","type":"page","link":"https:\/\/isfd69-bue.infd.edu.ar\/sitio\/imagenes\/","title":{"rendered":"Im\u00e1genes"},"content":{"rendered":"<h6 style=\"text-align: center;\">\u00a0<\/h6>\n<h4 style=\"text-align: center;\"><img decoding=\"async\" loading=\"lazy\" class=\"size-medium wp-image-1564 aligncenter\" src=\"https:\/\/isfd69-bue.infd.edu.ar\/sitio\/wp-content\/uploads\/2024\/05\/IMG-20240504-WA0011-1000x461.jpg\" alt=\"\" width=\"1000\" height=\"461\" srcset=\"https:\/\/isfd69-bue.infd.edu.ar\/sitio\/wp-content\/uploads\/2024\/05\/IMG-20240504-WA0011-1000x461.jpg 1000w, https:\/\/isfd69-bue.infd.edu.ar\/sitio\/wp-content\/uploads\/2024\/05\/IMG-20240504-WA0011-768x354.jpg 768w, https:\/\/isfd69-bue.infd.edu.ar\/sitio\/wp-content\/uploads\/2024\/05\/IMG-20240504-WA0011-1536x708.jpg 1536w, https:\/\/isfd69-bue.infd.edu.ar\/sitio\/wp-content\/uploads\/2024\/05\/IMG-20240504-WA0011.jpg 1600w\" sizes=\"(max-width: 1000px) 100vw, 1000px\" \/><span style=\"font-size: 16px; color: #333399;\">TAIN s\u00e1bado 4 de mayo de 2024<\/span><\/h4>\n<h6 style=\"text-align: center;\"><img decoding=\"async\" loading=\"lazy\" class=\"size-medium wp-image-1566 aligncenter\" src=\"https:\/\/isfd69-bue.infd.edu.ar\/sitio\/wp-content\/uploads\/2024\/05\/IMG-20240509-WA0048-1000x750.jpg\" alt=\"\" width=\"1000\" height=\"750\" srcset=\"https:\/\/isfd69-bue.infd.edu.ar\/sitio\/wp-content\/uploads\/2024\/05\/IMG-20240509-WA0048-1000x750.jpg 1000w, https:\/\/isfd69-bue.infd.edu.ar\/sitio\/wp-content\/uploads\/2024\/05\/IMG-20240509-WA0048-768x576.jpg 768w, https:\/\/isfd69-bue.infd.edu.ar\/sitio\/wp-content\/uploads\/2024\/05\/IMG-20240509-WA0048-1536x1152.jpg 1536w, https:\/\/isfd69-bue.infd.edu.ar\/sitio\/wp-content\/uploads\/2024\/05\/IMG-20240509-WA0048.jpg 1600w\" sizes=\"(max-width: 1000px) 100vw, 1000px\" \/><\/h6>\n<h6 style=\"text-align: center;\"><img decoding=\"async\" loading=\"lazy\" class=\"size-medium wp-image-1565 aligncenter\" src=\"https:\/\/isfd69-bue.infd.edu.ar\/sitio\/wp-content\/uploads\/2024\/05\/IMG-20240509-WA0047-1000x461.jpg\" alt=\"\" width=\"1000\" height=\"461\" srcset=\"https:\/\/isfd69-bue.infd.edu.ar\/sitio\/wp-content\/uploads\/2024\/05\/IMG-20240509-WA0047-1000x461.jpg 1000w, https:\/\/isfd69-bue.infd.edu.ar\/sitio\/wp-content\/uploads\/2024\/05\/IMG-20240509-WA0047-768x354.jpg 768w, https:\/\/isfd69-bue.infd.edu.ar\/sitio\/wp-content\/uploads\/2024\/05\/IMG-20240509-WA0047-1536x708.jpg 1536w, https:\/\/isfd69-bue.infd.edu.ar\/sitio\/wp-content\/uploads\/2024\/05\/IMG-20240509-WA0047.jpg 1600w\" sizes=\"(max-width: 1000px) 100vw, 1000px\" \/><\/h6>\n<h6 style=\"text-align: center;\"><img decoding=\"async\" loading=\"lazy\" class=\"wp-image-1520 aligncenter\" src=\"https:\/\/isfd69-bue.infd.edu.ar\/sitio\/wp-content\/uploads\/2024\/03\/IMG-20240318-WA0018-1000x750.jpg\" alt=\"\" width=\"1006\" height=\"755\" srcset=\"https:\/\/isfd69-bue.infd.edu.ar\/sitio\/wp-content\/uploads\/2024\/03\/IMG-20240318-WA0018-1000x750.jpg 1000w, https:\/\/isfd69-bue.infd.edu.ar\/sitio\/wp-content\/uploads\/2024\/03\/IMG-20240318-WA0018-768x576.jpg 768w, https:\/\/isfd69-bue.infd.edu.ar\/sitio\/wp-content\/uploads\/2024\/03\/IMG-20240318-WA0018-1536x1152.jpg 1536w, https:\/\/isfd69-bue.infd.edu.ar\/sitio\/wp-content\/uploads\/2024\/03\/IMG-20240318-WA0018.jpg 1600w\" sizes=\"(max-width: 1006px) 100vw, 1006px\" \/><\/h6>\n<h6 style=\"text-align: center;\"><span style=\"color: #000080;\">Primer d\u00eda Taller Inicial del Profesorado de Educaci\u00f3n Secundaria en Matem\u00e1tica (2024)<\/span><\/h6>\n<p><img decoding=\"async\" loading=\"lazy\" class=\"size-medium wp-image-1459 aligncenter\" src=\"https:\/\/isfd69-bue.infd.edu.ar\/sitio\/wp-content\/uploads\/2023\/10\/IMG-20230929-WA0065-1000x450.jpg\" alt=\"\" width=\"1000\" height=\"450\" srcset=\"https:\/\/isfd69-bue.infd.edu.ar\/sitio\/wp-content\/uploads\/2023\/10\/IMG-20230929-WA0065-1000x450.jpg 1000w, https:\/\/isfd69-bue.infd.edu.ar\/sitio\/wp-content\/uploads\/2023\/10\/IMG-20230929-WA0065-768x346.jpg 768w, https:\/\/isfd69-bue.infd.edu.ar\/sitio\/wp-content\/uploads\/2023\/10\/IMG-20230929-WA0065.jpg 1280w\" sizes=\"(max-width: 1000px) 100vw, 1000px\" \/><\/p>\n<p style=\"text-align: center;\"><img decoding=\"async\" loading=\"lazy\" class=\"size-medium wp-image-1057 aligncenter\" src=\"https:\/\/isfd69-bue.infd.edu.ar\/sitio\/wp-content\/uploads\/2023\/06\/IMG-20230602-WA0040-1000x750.jpg\" alt=\"\" width=\"1000\" height=\"750\" srcset=\"https:\/\/isfd69-bue.infd.edu.ar\/sitio\/wp-content\/uploads\/2023\/06\/IMG-20230602-WA0040-1000x750.jpg 1000w, https:\/\/isfd69-bue.infd.edu.ar\/sitio\/wp-content\/uploads\/2023\/06\/IMG-20230602-WA0040-768x576.jpg 768w, https:\/\/isfd69-bue.infd.edu.ar\/sitio\/wp-content\/uploads\/2023\/06\/IMG-20230602-WA0040-1536x1152.jpg 1536w, https:\/\/isfd69-bue.infd.edu.ar\/sitio\/wp-content\/uploads\/2023\/06\/IMG-20230602-WA0040.jpg 1600w\" sizes=\"(max-width: 1000px) 100vw, 1000px\" \/><\/p>\n<p><img decoding=\"async\" loading=\"lazy\" class=\"size-medium wp-image-1050 aligncenter\" src=\"https:\/\/isfd69-bue.infd.edu.ar\/sitio\/wp-content\/uploads\/2023\/06\/IMG-20230602-WA0027-1000x750.jpg\" alt=\"\" width=\"1000\" height=\"750\" srcset=\"https:\/\/isfd69-bue.infd.edu.ar\/sitio\/wp-content\/uploads\/2023\/06\/IMG-20230602-WA0027-1000x750.jpg 1000w, https:\/\/isfd69-bue.infd.edu.ar\/sitio\/wp-content\/uploads\/2023\/06\/IMG-20230602-WA0027-768x576.jpg 768w, https:\/\/isfd69-bue.infd.edu.ar\/sitio\/wp-content\/uploads\/2023\/06\/IMG-20230602-WA0027.jpg 1280w\" sizes=\"(max-width: 1000px) 100vw, 1000px\" \/><\/p>\n<p><img decoding=\"async\" loading=\"lazy\" class=\"size-medium wp-image-1051 aligncenter\" src=\"https:\/\/isfd69-bue.infd.edu.ar\/sitio\/wp-content\/uploads\/2023\/06\/IMG-20230602-WA0028-563x1000.jpg\" alt=\"\" width=\"563\" height=\"1000\" srcset=\"https:\/\/isfd69-bue.infd.edu.ar\/sitio\/wp-content\/uploads\/2023\/06\/IMG-20230602-WA0028-563x1000.jpg 563w, https:\/\/isfd69-bue.infd.edu.ar\/sitio\/wp-content\/uploads\/2023\/06\/IMG-20230602-WA0028-768x1365.jpg 768w, https:\/\/isfd69-bue.infd.edu.ar\/sitio\/wp-content\/uploads\/2023\/06\/IMG-20230602-WA0028-864x1536.jpg 864w, https:\/\/isfd69-bue.infd.edu.ar\/sitio\/wp-content\/uploads\/2023\/06\/IMG-20230602-WA0028.jpg 900w\" sizes=\"(max-width: 563px) 100vw, 563px\" \/><\/p>\n<p><img decoding=\"async\" loading=\"lazy\" class=\"size-medium wp-image-1054 aligncenter\" src=\"https:\/\/isfd69-bue.infd.edu.ar\/sitio\/wp-content\/uploads\/2023\/06\/IMG-20230602-WA0032-1000x750.jpg\" alt=\"\" width=\"1000\" height=\"750\" srcset=\"https:\/\/isfd69-bue.infd.edu.ar\/sitio\/wp-content\/uploads\/2023\/06\/IMG-20230602-WA0032-1000x750.jpg 1000w, https:\/\/isfd69-bue.infd.edu.ar\/sitio\/wp-content\/uploads\/2023\/06\/IMG-20230602-WA0032-768x576.jpg 768w, https:\/\/isfd69-bue.infd.edu.ar\/sitio\/wp-content\/uploads\/2023\/06\/IMG-20230602-WA0032.jpg 1280w\" sizes=\"(max-width: 1000px) 100vw, 1000px\" \/><\/p>\n<p style=\"text-align: center;\"><img decoding=\"async\" loading=\"lazy\" class=\"alignnone size-full wp-image-1036\" src=\"https:\/\/isfd69-bue.infd.edu.ar\/sitio\/wp-content\/uploads\/2023\/06\/1459121_10152001266879693_1915518835_n.jpg\" alt=\"\" width=\"960\" height=\"720\" srcset=\"https:\/\/isfd69-bue.infd.edu.ar\/sitio\/wp-content\/uploads\/2023\/06\/1459121_10152001266879693_1915518835_n.jpg 960w, https:\/\/isfd69-bue.infd.edu.ar\/sitio\/wp-content\/uploads\/2023\/06\/1459121_10152001266879693_1915518835_n-768x576.jpg 768w\" sizes=\"(max-width: 960px) 100vw, 960px\" \/> <img decoding=\"async\" loading=\"lazy\" class=\"alignnone size-full wp-image-1037\" src=\"https:\/\/isfd69-bue.infd.edu.ar\/sitio\/wp-content\/uploads\/2023\/06\/1474566_10152003605144693_737521535_n.jpg\" alt=\"\" width=\"960\" height=\"720\" srcset=\"https:\/\/isfd69-bue.infd.edu.ar\/sitio\/wp-content\/uploads\/2023\/06\/1474566_10152003605144693_737521535_n.jpg 960w, https:\/\/isfd69-bue.infd.edu.ar\/sitio\/wp-content\/uploads\/2023\/06\/1474566_10152003605144693_737521535_n-768x576.jpg 768w\" sizes=\"(max-width: 960px) 100vw, 960px\" \/> <img decoding=\"async\" loading=\"lazy\" class=\"alignnone size-medium wp-image-1038\" src=\"https:\/\/isfd69-bue.infd.edu.ar\/sitio\/wp-content\/uploads\/2023\/06\/20220425_172838-750x1000.jpg\" alt=\"\" width=\"750\" height=\"1000\" srcset=\"https:\/\/isfd69-bue.infd.edu.ar\/sitio\/wp-content\/uploads\/2023\/06\/20220425_172838-750x1000.jpg 750w, https:\/\/isfd69-bue.infd.edu.ar\/sitio\/wp-content\/uploads\/2023\/06\/20220425_172838-1425x1900.jpg 1425w, https:\/\/isfd69-bue.infd.edu.ar\/sitio\/wp-content\/uploads\/2023\/06\/20220425_172838-768x1024.jpg 768w, https:\/\/isfd69-bue.infd.edu.ar\/sitio\/wp-content\/uploads\/2023\/06\/20220425_172838-1152x1536.jpg 1152w, https:\/\/isfd69-bue.infd.edu.ar\/sitio\/wp-content\/uploads\/2023\/06\/20220425_172838-1536x2048.jpg 1536w, https:\/\/isfd69-bue.infd.edu.ar\/sitio\/wp-content\/uploads\/2023\/06\/20220425_172838-scaled.jpg 1920w\" sizes=\"(max-width: 750px) 100vw, 750px\" \/> <img decoding=\"async\" loading=\"lazy\" class=\"alignnone size-medium wp-image-1039\" src=\"https:\/\/isfd69-bue.infd.edu.ar\/sitio\/wp-content\/uploads\/2023\/06\/DSC03674-1000x750.jpg\" alt=\"\" width=\"1000\" height=\"750\" srcset=\"https:\/\/isfd69-bue.infd.edu.ar\/sitio\/wp-content\/uploads\/2023\/06\/DSC03674-1000x750.jpg 1000w, https:\/\/isfd69-bue.infd.edu.ar\/sitio\/wp-content\/uploads\/2023\/06\/DSC03674-1900x1425.jpg 1900w, https:\/\/isfd69-bue.infd.edu.ar\/sitio\/wp-content\/uploads\/2023\/06\/DSC03674-768x576.jpg 768w, https:\/\/isfd69-bue.infd.edu.ar\/sitio\/wp-content\/uploads\/2023\/06\/DSC03674-1536x1152.jpg 1536w, https:\/\/isfd69-bue.infd.edu.ar\/sitio\/wp-content\/uploads\/2023\/06\/DSC03674-2048x1536.jpg 2048w\" sizes=\"(max-width: 1000px) 100vw, 1000px\" \/> <img decoding=\"async\" loading=\"lazy\" class=\"alignnone size-medium wp-image-1040\" src=\"https:\/\/isfd69-bue.infd.edu.ar\/sitio\/wp-content\/uploads\/2023\/06\/DSC03687-1000x750.jpg\" alt=\"\" width=\"1000\" height=\"750\" srcset=\"https:\/\/isfd69-bue.infd.edu.ar\/sitio\/wp-content\/uploads\/2023\/06\/DSC03687-1000x750.jpg 1000w, https:\/\/isfd69-bue.infd.edu.ar\/sitio\/wp-content\/uploads\/2023\/06\/DSC03687-1900x1425.jpg 1900w, https:\/\/isfd69-bue.infd.edu.ar\/sitio\/wp-content\/uploads\/2023\/06\/DSC03687-768x576.jpg 768w, https:\/\/isfd69-bue.infd.edu.ar\/sitio\/wp-content\/uploads\/2023\/06\/DSC03687-1536x1152.jpg 1536w, https:\/\/isfd69-bue.infd.edu.ar\/sitio\/wp-content\/uploads\/2023\/06\/DSC03687-2048x1536.jpg 2048w\" sizes=\"(max-width: 1000px) 100vw, 1000px\" \/> <img decoding=\"async\" loading=\"lazy\" class=\"alignnone size-medium wp-image-1042\" src=\"https:\/\/isfd69-bue.infd.edu.ar\/sitio\/wp-content\/uploads\/2023\/06\/DSC03693-1000x750.jpg\" alt=\"\" width=\"1000\" height=\"750\" srcset=\"https:\/\/isfd69-bue.infd.edu.ar\/sitio\/wp-content\/uploads\/2023\/06\/DSC03693-1000x750.jpg 1000w, https:\/\/isfd69-bue.infd.edu.ar\/sitio\/wp-content\/uploads\/2023\/06\/DSC03693-1900x1425.jpg 1900w, https:\/\/isfd69-bue.infd.edu.ar\/sitio\/wp-content\/uploads\/2023\/06\/DSC03693-768x576.jpg 768w, https:\/\/isfd69-bue.infd.edu.ar\/sitio\/wp-content\/uploads\/2023\/06\/DSC03693-1536x1152.jpg 1536w, https:\/\/isfd69-bue.infd.edu.ar\/sitio\/wp-content\/uploads\/2023\/06\/DSC03693-2048x1536.jpg 2048w\" sizes=\"(max-width: 1000px) 100vw, 1000px\" \/> <img decoding=\"async\" loading=\"lazy\" class=\"alignnone size-medium wp-image-1043\" src=\"https:\/\/isfd69-bue.infd.edu.ar\/sitio\/wp-content\/uploads\/2023\/06\/DSC03696-1000x750.jpg\" alt=\"\" width=\"1000\" height=\"750\" srcset=\"https:\/\/isfd69-bue.infd.edu.ar\/sitio\/wp-content\/uploads\/2023\/06\/DSC03696-1000x750.jpg 1000w, https:\/\/isfd69-bue.infd.edu.ar\/sitio\/wp-content\/uploads\/2023\/06\/DSC03696-1900x1425.jpg 1900w, https:\/\/isfd69-bue.infd.edu.ar\/sitio\/wp-content\/uploads\/2023\/06\/DSC03696-768x576.jpg 768w, https:\/\/isfd69-bue.infd.edu.ar\/sitio\/wp-content\/uploads\/2023\/06\/DSC03696-1536x1152.jpg 1536w, https:\/\/isfd69-bue.infd.edu.ar\/sitio\/wp-content\/uploads\/2023\/06\/DSC03696-2048x1536.jpg 2048w\" sizes=\"(max-width: 1000px) 100vw, 1000px\" \/> <img decoding=\"async\" loading=\"lazy\" class=\"alignnone size-medium wp-image-1044\" src=\"https:\/\/isfd69-bue.infd.edu.ar\/sitio\/wp-content\/uploads\/2023\/06\/DSC03755-1000x750.jpg\" alt=\"\" width=\"1000\" height=\"750\" srcset=\"https:\/\/isfd69-bue.infd.edu.ar\/sitio\/wp-content\/uploads\/2023\/06\/DSC03755-1000x750.jpg 1000w, https:\/\/isfd69-bue.infd.edu.ar\/sitio\/wp-content\/uploads\/2023\/06\/DSC03755-1900x1425.jpg 1900w, https:\/\/isfd69-bue.infd.edu.ar\/sitio\/wp-content\/uploads\/2023\/06\/DSC03755-768x576.jpg 768w, https:\/\/isfd69-bue.infd.edu.ar\/sitio\/wp-content\/uploads\/2023\/06\/DSC03755-1536x1152.jpg 1536w, https:\/\/isfd69-bue.infd.edu.ar\/sitio\/wp-content\/uploads\/2023\/06\/DSC03755-2048x1536.jpg 2048w\" sizes=\"(max-width: 1000px) 100vw, 1000px\" \/> <img decoding=\"async\" loading=\"lazy\" class=\"alignnone size-medium wp-image-1045\" src=\"https:\/\/isfd69-bue.infd.edu.ar\/sitio\/wp-content\/uploads\/2023\/06\/IMG-20181121-WA0029-1000x626.jpg\" alt=\"\" width=\"1000\" height=\"626\" srcset=\"https:\/\/isfd69-bue.infd.edu.ar\/sitio\/wp-content\/uploads\/2023\/06\/IMG-20181121-WA0029-1000x626.jpg 1000w, https:\/\/isfd69-bue.infd.edu.ar\/sitio\/wp-content\/uploads\/2023\/06\/IMG-20181121-WA0029-768x481.jpg 768w, https:\/\/isfd69-bue.infd.edu.ar\/sitio\/wp-content\/uploads\/2023\/06\/IMG-20181121-WA0029.jpg 1280w\" sizes=\"(max-width: 1000px) 100vw, 1000px\" \/> <img decoding=\"async\" loading=\"lazy\" class=\"alignnone size-medium wp-image-1046\" src=\"https:\/\/isfd69-bue.infd.edu.ar\/sitio\/wp-content\/uploads\/2023\/06\/IMG-20200228-WA0033-1000x750.jpg\" alt=\"\" width=\"1000\" height=\"750\" srcset=\"https:\/\/isfd69-bue.infd.edu.ar\/sitio\/wp-content\/uploads\/2023\/06\/IMG-20200228-WA0033-1000x750.jpg 1000w, https:\/\/isfd69-bue.infd.edu.ar\/sitio\/wp-content\/uploads\/2023\/06\/IMG-20200228-WA0033-768x576.jpg 768w, https:\/\/isfd69-bue.infd.edu.ar\/sitio\/wp-content\/uploads\/2023\/06\/IMG-20200228-WA0033.jpg 1040w\" sizes=\"(max-width: 1000px) 100vw, 1000px\" \/> \u00a0 \u00a0\u00a0<img decoding=\"async\" loading=\"lazy\" class=\"alignnone size-full wp-image-1058\" src=\"https:\/\/isfd69-bue.infd.edu.ar\/sitio\/wp-content\/uploads\/2023\/06\/instituto-109.jpg\" alt=\"\" width=\"448\" height=\"336\" \/> <img decoding=\"async\" loading=\"lazy\" class=\"alignnone size-medium wp-image-1059\" src=\"https:\/\/isfd69-bue.infd.edu.ar\/sitio\/wp-content\/uploads\/2023\/06\/P1010160-1000x750.jpg\" alt=\"\" width=\"1000\" height=\"750\" srcset=\"https:\/\/isfd69-bue.infd.edu.ar\/sitio\/wp-content\/uploads\/2023\/06\/P1010160-1000x750.jpg 1000w, https:\/\/isfd69-bue.infd.edu.ar\/sitio\/wp-content\/uploads\/2023\/06\/P1010160-1900x1425.jpg 1900w, https:\/\/isfd69-bue.infd.edu.ar\/sitio\/wp-content\/uploads\/2023\/06\/P1010160-768x576.jpg 768w, https:\/\/isfd69-bue.infd.edu.ar\/sitio\/wp-content\/uploads\/2023\/06\/P1010160-1536x1152.jpg 1536w, https:\/\/isfd69-bue.infd.edu.ar\/sitio\/wp-content\/uploads\/2023\/06\/P1010160-2048x1536.jpg 2048w\" sizes=\"(max-width: 1000px) 100vw, 1000px\" \/><\/p>\n<p><figure id=\"attachment_1060\" aria-describedby=\"caption-attachment-1060\" style=\"width: 990px\" class=\"wp-caption alignnone\"><img decoding=\"async\" loading=\"lazy\" class=\"size-medium wp-image-1060\" src=\"https:\/\/isfd69-bue.infd.edu.ar\/sitio\/wp-content\/uploads\/2023\/06\/PB200384-1000x750.jpg\" alt=\"\" width=\"1000\" height=\"750\" srcset=\"https:\/\/isfd69-bue.infd.edu.ar\/sitio\/wp-content\/uploads\/2023\/06\/PB200384-1000x750.jpg 1000w, https:\/\/isfd69-bue.infd.edu.ar\/sitio\/wp-content\/uploads\/2023\/06\/PB200384-1900x1425.jpg 1900w, https:\/\/isfd69-bue.infd.edu.ar\/sitio\/wp-content\/uploads\/2023\/06\/PB200384-768x576.jpg 768w, https:\/\/isfd69-bue.infd.edu.ar\/sitio\/wp-content\/uploads\/2023\/06\/PB200384-1536x1152.jpg 1536w, https:\/\/isfd69-bue.infd.edu.ar\/sitio\/wp-content\/uploads\/2023\/06\/PB200384-2048x1536.jpg 2048w\" sizes=\"(max-width: 1000px) 100vw, 1000px\" \/><figcaption id=\"caption-attachment-1060\" class=\"wp-caption-text\">OLYMPUS DIGITAL CAMERA<\/figcaption><\/figure><br \/>\n<figure id=\"attachment_1061\" aria-describedby=\"caption-attachment-1061\" style=\"width: 990px\" class=\"wp-caption alignnone\"><img decoding=\"async\" loading=\"lazy\" class=\"size-medium wp-image-1061\" src=\"https:\/\/isfd69-bue.infd.edu.ar\/sitio\/wp-content\/uploads\/2023\/06\/PB200421-1000x750.jpg\" alt=\"\" width=\"1000\" height=\"750\" srcset=\"https:\/\/isfd69-bue.infd.edu.ar\/sitio\/wp-content\/uploads\/2023\/06\/PB200421-1000x750.jpg 1000w, https:\/\/isfd69-bue.infd.edu.ar\/sitio\/wp-content\/uploads\/2023\/06\/PB200421-1900x1425.jpg 1900w, https:\/\/isfd69-bue.infd.edu.ar\/sitio\/wp-content\/uploads\/2023\/06\/PB200421-768x576.jpg 768w, https:\/\/isfd69-bue.infd.edu.ar\/sitio\/wp-content\/uploads\/2023\/06\/PB200421-1536x1152.jpg 1536w, https:\/\/isfd69-bue.infd.edu.ar\/sitio\/wp-content\/uploads\/2023\/06\/PB200421-2048x1536.jpg 2048w\" sizes=\"(max-width: 1000px) 100vw, 1000px\" \/><figcaption id=\"caption-attachment-1061\" class=\"wp-caption-text\">OLYMPUS DIGITAL CAMERA<\/figcaption><\/figure><br \/>\n<figure id=\"attachment_1062\" aria-describedby=\"caption-attachment-1062\" style=\"width: 990px\" class=\"wp-caption alignnone\"><img decoding=\"async\" loading=\"lazy\" class=\"size-medium wp-image-1062\" src=\"https:\/\/isfd69-bue.infd.edu.ar\/sitio\/wp-content\/uploads\/2023\/06\/PC190022-1000x750.jpg\" alt=\"\" width=\"1000\" height=\"750\" srcset=\"https:\/\/isfd69-bue.infd.edu.ar\/sitio\/wp-content\/uploads\/2023\/06\/PC190022-1000x750.jpg 1000w, https:\/\/isfd69-bue.infd.edu.ar\/sitio\/wp-content\/uploads\/2023\/06\/PC190022-1900x1425.jpg 1900w, https:\/\/isfd69-bue.infd.edu.ar\/sitio\/wp-content\/uploads\/2023\/06\/PC190022-768x576.jpg 768w, https:\/\/isfd69-bue.infd.edu.ar\/sitio\/wp-content\/uploads\/2023\/06\/PC190022-1536x1152.jpg 1536w, https:\/\/isfd69-bue.infd.edu.ar\/sitio\/wp-content\/uploads\/2023\/06\/PC190022-2048x1536.jpg 2048w\" sizes=\"(max-width: 1000px) 100vw, 1000px\" \/><figcaption id=\"caption-attachment-1062\" class=\"wp-caption-text\">OLYMPUS DIGITAL CAMERA<\/figcaption><\/figure><\/p>\n<p><img decoding=\"async\" loading=\"lazy\" class=\"alignnone size-medium wp-image-1063\" src=\"https:\/\/isfd69-bue.infd.edu.ar\/sitio\/wp-content\/uploads\/2023\/06\/WhatsApp-Image-2021-10-26-at-14.13.25-1000x563.jpeg\" alt=\"\" width=\"1000\" height=\"563\" srcset=\"https:\/\/isfd69-bue.infd.edu.ar\/sitio\/wp-content\/uploads\/2023\/06\/WhatsApp-Image-2021-10-26-at-14.13.25-1000x563.jpeg 1000w, https:\/\/isfd69-bue.infd.edu.ar\/sitio\/wp-content\/uploads\/2023\/06\/WhatsApp-Image-2021-10-26-at-14.13.25-768x432.jpeg 768w, https:\/\/isfd69-bue.infd.edu.ar\/sitio\/wp-content\/uploads\/2023\/06\/WhatsApp-Image-2021-10-26-at-14.13.25-1536x864.jpeg 1536w, https:\/\/isfd69-bue.infd.edu.ar\/sitio\/wp-content\/uploads\/2023\/06\/WhatsApp-Image-2021-10-26-at-14.13.25.jpeg 1600w\" sizes=\"(max-width: 1000px) 100vw, 1000px\" \/><\/p>\n<p>&nbsp;<\/p>\n","protected":false},"excerpt":{"rendered":"<p>\u00a0 TAIN s\u00e1bado 4 de mayo de 2024 Primer d\u00eda Taller Inicial del Profesorado de Educaci\u00f3n Secundaria en Matem\u00e1tica (2024) \u00a0 \u00a0\u00a0 &nbsp;<\/p>\n","protected":false},"author":94,"featured_media":0,"parent":0,"menu_order":0,"comment_status":"closed","ping_status":"closed","template":"","meta":[],"acf":[],"_links":{"self":[{"href":"https:\/\/isfd69-bue.infd.edu.ar\/sitio\/wp-json\/wp\/v2\/pages\/1031"}],"collection":[{"href":"https:\/\/isfd69-bue.infd.edu.ar\/sitio\/wp-json\/wp\/v2\/pages"}],"about":[{"href":"https:\/\/isfd69-bue.infd.edu.ar\/sitio\/wp-json\/wp\/v2\/types\/page"}],"author":[{"embeddable":true,"href":"https:\/\/isfd69-bue.infd.edu.ar\/sitio\/wp-json\/wp\/v2\/users\/94"}],"replies":[{"embeddable":true,"href":"https:\/\/isfd69-bue.infd.edu.ar\/sitio\/wp-json\/wp\/v2\/comments?post=1031"}],"version-history":[{"count":35,"href":"https:\/\/isfd69-bue.infd.edu.ar\/sitio\/wp-json\/wp\/v2\/pages\/1031\/revisions"}],"predecessor-version":[{"id":1599,"href":"https:\/\/isfd69-bue.infd.edu.ar\/sitio\/wp-json\/wp\/v2\/pages\/1031\/revisions\/1599"}],"wp:attachment":[{"href":"https:\/\/isfd69-bue.infd.edu.ar\/sitio\/wp-json\/wp\/v2\/media?parent=1031"}],"curies":[{"name":"wp","href":"https:\/\/api.w.org\/{rel}","templated":true}]}}