{"id":1006,"date":"2023-05-31T17:51:05","date_gmt":"2023-05-31T20:51:05","guid":{"rendered":"https:\/\/isfd69-bue.infd.edu.ar\/sitio\/?page_id=1006"},"modified":"2024-06-10T16:55:51","modified_gmt":"2024-06-10T19:55:51","slug":"docentes","status":"publish","type":"page","link":"https:\/\/isfd69-bue.infd.edu.ar\/sitio\/docentes\/","title":{"rendered":"DOCENTES"},"content":{"rendered":"<h4 style=\"text-align: center;\"><span style=\"color: #3366ff;\">BENTEVENGA, Leticia<\/span><\/h4>\n<h4 style=\"text-align: center;\"><span style=\"color: #3366ff;\">BENTEVENGA, Ver\u00f3nica<\/span><\/h4>\n<h4 style=\"text-align: center;\"><span style=\"color: #3366ff;\">BERNARDI, Francina<\/span><\/h4>\n<h4 style=\"text-align: center;\"><span style=\"color: #3366ff;\">BOLAND MORALES, Ana Laura<\/span><\/h4>\n<h4 style=\"text-align: center;\"><span style=\"color: #3366ff;\">BURGARDT, Jorge<\/span><\/h4>\n<h4 style=\"text-align: center;\"><span style=\"color: #3366ff;\">CAYO, Mirta<\/span><\/h4>\n<h4 style=\"text-align: center;\"><span style=\"color: #3366ff;\">CICCIOLI, Soledad<\/span><\/h4>\n<h4 style=\"text-align: center;\"><span style=\"color: #3366ff;\">DIZ, Silvina<\/span><\/h4>\n<h4 style=\"text-align: center;\"><span style=\"color: #3366ff;\">ERVITI, Romina<\/span><\/h4>\n<h4 style=\"text-align: center;\"><span style=\"color: #3366ff;\">GARAT, Alan Maximiliano<\/span><\/h4>\n<h4 style=\"text-align: center;\"><span style=\"color: #3366ff;\">GISMONDI, Silvia<\/span><\/h4>\n<h4 style=\"text-align: center;\"><span style=\"color: #3366ff;\">GONZ\u00c1LEZ B\u00c9CARES, Nadia<\/span><\/h4>\n<h4 style=\"text-align: center;\"><span style=\"color: #3366ff;\">GOYCOECHEA, Dar\u00edo<\/span><\/h4>\n<h4 style=\"text-align: center;\"><span style=\"color: #3366ff;\">HOWES HERRERA, Andrea<\/span><\/h4>\n<h4 style=\"text-align: center;\"><span style=\"color: #3366ff;\">HUTH, Mar\u00eda Bel\u00e9n<\/span><\/h4>\n<h4 style=\"text-align: center;\"><span style=\"color: #3366ff;\">IBARRA, Melina<\/span><\/h4>\n<h4 style=\"text-align: center;\"><span style=\"color: #3366ff;\">JOS\u00c9, Diego Javier<\/span><\/h4>\n<h4 style=\"text-align: center;\"><span style=\"color: #3366ff;\">KRAUSE, Graciela<\/span><\/h4>\n<h4 style=\"text-align: center;\"><span style=\"color: #3366ff;\">LIZARRAGA, Carolina<\/span><\/h4>\n<h4 style=\"text-align: center;\"><span style=\"color: #3366ff;\">MESINA, Favio Jos\u00e9<\/span><\/h4>\n<h4 style=\"text-align: center;\"><span style=\"color: #3366ff;\">MOLINA, Rosana<\/span><\/h4>\n<h4 style=\"text-align: center;\"><span style=\"color: #3366ff;\">REGUEIRA, Jennifer Daiana<\/span><\/h4>\n<h4 style=\"text-align: center;\"><span style=\"color: #3366ff;\">RIMONDI, Mar\u00eda Eugenia<\/span><\/h4>\n<h4 style=\"text-align: center;\"><span style=\"color: #3366ff;\">SANCHEZ, Jesica<\/span><\/h4>\n<h4 style=\"text-align: center;\"><span style=\"color: #3366ff;\">SAUER, Andrea<\/span><\/h4>\n<h4 style=\"text-align: center;\"><span style=\"color: #3366ff;\">SUJATOVICH, Luis<\/span><\/h4>\n<h4 style=\"text-align: center;\"><span style=\"color: #3366ff;\">VALLADARES, Gabriela<\/span><\/h4>\n<h4 style=\"text-align: center;\"><span style=\"color: #3366ff;\">VER\u00d3N, Anal\u00eda Elizabet<\/span><\/h4>\n<h4 style=\"text-align: center;\"><span style=\"color: #3366ff;\"><strong>VOGEL, Ana Bel\u00e9n<\/strong><\/span><\/h4>\n<h4>\u00a0<\/h4>\n","protected":false},"excerpt":{"rendered":"<p>BENTEVENGA, Leticia BENTEVENGA, Ver\u00f3nica BERNARDI, Francina BOLAND MORALES, Ana Laura BURGARDT, Jorge CAYO, Mirta CICCIOLI, Soledad DIZ, Silvina ERVITI, Romina GARAT, Alan Maximiliano GISMONDI, Silvia GONZ\u00c1LEZ B\u00c9CARES, Nadia GOYCOECHEA, Dar\u00edo HOWES HERRERA, Andrea HUTH, Mar\u00eda Bel\u00e9n IBARRA, Melina JOS\u00c9, Diego Javier KRAUSE, Graciela LIZARRAGA, Carolina MESINA, Favio Jos\u00e9 MOLINA, Rosana REGUEIRA, Jennifer Daiana RIMONDI, Mar\u00eda &#8230; <a title=\"DOCENTES\" class=\"read-more\" href=\"https:\/\/isfd69-bue.infd.edu.ar\/sitio\/docentes\/\" aria-label=\"More on DOCENTES\">[+]<\/a><\/p>\n","protected":false},"author":94,"featured_media":0,"parent":0,"menu_order":0,"comment_status":"closed","ping_status":"closed","template":"","meta":[],"acf":[],"_links":{"self":[{"href":"https:\/\/isfd69-bue.infd.edu.ar\/sitio\/wp-json\/wp\/v2\/pages\/1006"}],"collection":[{"href":"https:\/\/isfd69-bue.infd.edu.ar\/sitio\/wp-json\/wp\/v2\/pages"}],"about":[{"href":"https:\/\/isfd69-bue.infd.edu.ar\/sitio\/wp-json\/wp\/v2\/types\/page"}],"author":[{"embeddable":true,"href":"https:\/\/isfd69-bue.infd.edu.ar\/sitio\/wp-json\/wp\/v2\/users\/94"}],"replies":[{"embeddable":true,"href":"https:\/\/isfd69-bue.infd.edu.ar\/sitio\/wp-json\/wp\/v2\/comments?post=1006"}],"version-history":[{"count":21,"href":"https:\/\/isfd69-bue.infd.edu.ar\/sitio\/wp-json\/wp\/v2\/pages\/1006\/revisions"}],"predecessor-version":[{"id":1577,"href":"https:\/\/isfd69-bue.infd.edu.ar\/sitio\/wp-json\/wp\/v2\/pages\/1006\/revisions\/1577"}],"wp:attachment":[{"href":"https:\/\/isfd69-bue.infd.edu.ar\/sitio\/wp-json\/wp\/v2\/media?parent=1006"}],"curies":[{"name":"wp","href":"https:\/\/api.w.org\/{rel}","templated":true}]}}